{"id":292,"date":"2024-06-15T07:01:03","date_gmt":"2024-06-15T07:01:03","guid":{"rendered":"https:\/\/www.myledlight.bz.it\/home"},"modified":"2024-12-01T20:18:34","modified_gmt":"2024-12-01T20:18:34","slug":"home","status":"publish","type":"page","link":"https:\/\/www.myledlight.bz.it\/de","title":{"rendered":"Home"},"content":{"rendered":"<p><div class=\"fusion-fullwidth fullwidth-box fusion-builder-row-1 fusion-flex-container nonhundred-percent-fullwidth non-hundred-percent-height-scrolling\" style=\"--awb-border-radius-top-left:0px;--awb-border-radius-top-right:0px;--awb-border-radius-bottom-right:0px;--awb-border-radius-bottom-left:0px;--awb-flex-wrap:wrap;\" ><div class=\"fusion-builder-row fusion-row fusion-flex-align-items-flex-start fusion-flex-content-wrap\" style=\"max-width:1352px;margin-left: calc(-4% \/ 2 );margin-right: calc(-4% \/ 2 );\"><div class=\"fusion-layout-column fusion_builder_column fusion-builder-column-0 fusion_builder_column_1_1 1_1 fusion-flex-column\" style=\"--awb-bg-size:cover;--awb-width-large:100%;--awb-margin-top-large:0px;--awb-spacing-right-large:1.92%;--awb-margin-bottom-large:0px;--awb-spacing-left-large:1.92%;--awb-width-medium:100%;--awb-spacing-right-medium:1.92%;--awb-spacing-left-medium:1.92%;--awb-width-small:100%;--awb-spacing-right-small:1.92%;--awb-spacing-left-small:1.92%;\"><div class=\"fusion-column-wrapper fusion-flex-justify-content-flex-start fusion-content-layout-column\"><\/div><\/div><\/div><\/div><div class=\"fusion-fullwidth fullwidth-box fusion-builder-row-2 fusion-flex-container has-pattern-background has-mask-background hundred-percent-fullwidth non-hundred-percent-height-scrolling\" style=\"--awb-border-radius-top-left:0px;--awb-border-radius-top-right:0px;--awb-border-radius-bottom-right:0px;--awb-border-radius-bottom-left:0px;--awb-padding-top:0px;--awb-padding-right:0px;--awb-padding-bottom:0px;--awb-padding-left:0px;--awb-flex-wrap:wrap;\" ><div class=\"fusion-builder-row fusion-row fusion-flex-align-items-stretch fusion-flex-content-wrap\" style=\"width:104% !important;max-width:104% !important;margin-left: calc(-4% \/ 2 );margin-right: calc(-4% \/ 2 );\"><div class=\"fusion-layout-column fusion_builder_column fusion-builder-column-1 fusion_builder_column_1_2 1_2 fusion-flex-column fusion-animated\" style=\"--awb-padding-top:30px;--awb-padding-right:30px;--awb-padding-bottom:30px;--awb-padding-left:30px;--awb-bg-position:right bottom;--awb-bg-size:cover;--awb-width-large:50%;--awb-margin-top-large:0px;--awb-spacing-right-large:0px;--awb-margin-bottom-large:0px;--awb-spacing-left-large:0px;--awb-width-medium:50%;--awb-order-medium:0;--awb-spacing-right-medium:0px;--awb-spacing-left-medium:0px;--awb-width-small:100%;--awb-order-small:0;--awb-spacing-right-small:1.92%;--awb-spacing-left-small:1.92%;\" data-animationType=\"flipinx\" data-animationDuration=\"5.0\" data-animationOffset=\"top-into-view\" data-scroll-devices=\"small-visibility,medium-visibility,large-visibility\"><div class=\"fusion-column-wrapper lazyload fusion-column-has-shadow fusion-flex-justify-content-flex-start fusion-content-layout-column fusion-empty-column-bg-image fusion-column-has-bg-image\" data-bg-url=\"https:\/\/www.myledlight.bz.it\/wp-content\/uploads\/home-pannelli-fotovoltaici-bolzano-illuminazione-residenziale-merano-commerciale-hotel-bressanone-risparmio-energetico-energia-solare-my-led-light2.jpg\" data-bg=\"https:\/\/www.myledlight.bz.it\/wp-content\/uploads\/home-pannelli-fotovoltaici-bolzano-illuminazione-residenziale-merano-commerciale-hotel-bressanone-risparmio-energetico-energia-solare-my-led-light2.jpg\"><img decoding=\"async\" class=\"fusion-empty-dims-img-placeholder fusion-no-large-visibility fusion-no-medium-visibility\" aria-label=\"home-pannelli-fotovoltaici- bolzano-illuminazione-residenziale-merano-commerciale-hotel-bressanone-risparmio-energetico-energia-solare-my-led-light2\" src=\"data:image\/svg+xml,%3Csvg%20xmlns%3D%27http%3A%2F%2Fwww.w3.org%2F2000%2Fsvg%27%20width%3D%271500%27%20height%3D%271500%27%20viewBox%3D%270%200%201500%201500%27%3E%3Crect%20width%3D%271500%27%20height%3D%271500%27%20fill-opacity%3D%220%22%2F%3E%3C%2Fsvg%3E\"><\/div><\/div><div class=\"fusion-layout-column fusion_builder_column fusion-builder-column-2 fusion_builder_column_1_2 1_2 fusion-flex-column h-col-box fusion-animated\" style=\"--awb-padding-top:50px;--awb-padding-right:50px;--awb-padding-bottom:50px;--awb-padding-left:50px;--awb-bg-color:#f4ebbb;--awb-bg-color-hover:#f4ebbb;--awb-bg-size:cover;--awb-width-large:50%;--awb-margin-top-large:0px;--awb-spacing-right-large:0px;--awb-margin-bottom-large:0px;--awb-spacing-left-large:0px;--awb-width-medium:50%;--awb-order-medium:0;--awb-spacing-right-medium:0px;--awb-spacing-left-medium:0px;--awb-width-small:100%;--awb-order-small:0;--awb-spacing-right-small:1.92%;--awb-spacing-left-small:1.92%;\" data-animationType=\"flipiny\" data-animationDuration=\"5.0\" data-animationOffset=\"top-into-view\" data-scroll-devices=\"small-visibility,medium-visibility,large-visibility\"><div class=\"fusion-column-wrapper fusion-column-has-shadow fusion-flex-justify-content-center fusion-content-layout-column\"><div class=\"fusion-text fusion-text-1\" style=\"--awb-content-alignment:center;--awb-font-size:28px;--awb-text-transform:uppercase;--awb-text-color:var(--awb-custom_color_1);\"><p>solarenergie f\u00fcr deine energetische unabh\u00e4ngigkeit.<\/p>\n<\/div><div class=\"fusion-separator\" style=\"align-self: center;margin-left: auto;margin-right: auto;margin-bottom:20px;width:100%;max-width:50%;\"><div class=\"fusion-separator-border sep-single sep-solid\" style=\"--awb-height:20px;--awb-amount:20px;--awb-sep-color:var(--awb-custom_color_1);border-color:var(--awb-custom_color_1);border-top-width:1px;\"><\/div><\/div><div class=\"fusion-text fusion-text-2\" style=\"--awb-content-alignment:center;--awb-font-size:18px;--awb-text-color:var(--awb-custom_color_1);\"><p>Nutze die Kraft der Sonne mit unseren hocheffizienten Photovoltaikmodulen. Senke deine Energiekosten, schone die Umwelt und investiere in eine nachhaltige Zukunft f\u00fcr dein Zuhause oder Unternehmen.<\/p>\n<\/div><\/div><\/div><div class=\"fusion-layout-column fusion_builder_column fusion-builder-column-3 fusion_builder_column_1_2 1_2 fusion-flex-column h-col-box fusion-animated\" style=\"--awb-padding-top:50px;--awb-padding-right:50px;--awb-padding-bottom:50px;--awb-padding-left:50px;--awb-bg-color:#c4926b;--awb-bg-color-hover:#c4926b;--awb-bg-size:cover;--awb-width-large:50%;--awb-margin-top-large:0px;--awb-spacing-right-large:0px;--awb-margin-bottom-large:0px;--awb-spacing-left-large:0px;--awb-width-medium:50%;--awb-order-medium:0;--awb-spacing-right-medium:0px;--awb-spacing-left-medium:0px;--awb-width-small:100%;--awb-order-small:0;--awb-spacing-right-small:1.92%;--awb-spacing-left-small:1.92%;\" data-animationType=\"flipiny\" data-animationDuration=\"5.0\" data-animationOffset=\"top-into-view\" data-scroll-devices=\"small-visibility,medium-visibility,large-visibility\"><div class=\"fusion-column-wrapper fusion-column-has-shadow fusion-flex-justify-content-center fusion-content-layout-column\"><div class=\"fusion-text fusion-text-3\" style=\"--awb-content-alignment:center;--awb-font-size:28px;--awb-text-transform:uppercase;--awb-text-color:var(--awb-color1);\"><p>Ideale Beleuchtung f\u00fcr dein Badezimmer.<\/p>\n<\/div><div class=\"fusion-separator\" style=\"align-self: center;margin-left: auto;margin-right: auto;margin-bottom:20px;width:100%;max-width:50%;\"><div class=\"fusion-separator-border sep-single sep-solid\" style=\"--awb-height:20px;--awb-amount:20px;--awb-sep-color:var(--awb-color1);border-color:var(--awb-color1);border-top-width:1px;\"><\/div><\/div><div class=\"fusion-text fusion-text-4\" style=\"--awb-content-alignment:center;--awb-font-size:18px;--awb-text-color:var(--awb-color1);\"><p>Verwandle dein Badezimmer mit einer eleganten und funktionalen LED-Beleuchtung. Schaffe die perfekte Atmosph\u00e4re f\u00fcr jeden Moment des Tages und kombiniere Komfort, Energieeffizienz und modernes Design.<\/p>\n<\/div><\/div><\/div><div class=\"fusion-layout-column fusion_builder_column fusion-builder-column-4 fusion_builder_column_1_2 1_2 fusion-flex-column fusion-animated\" style=\"--awb-padding-top:30px;--awb-padding-right:30px;--awb-padding-bottom:30px;--awb-padding-left:30px;--awb-bg-position:right bottom;--awb-bg-size:cover;--awb-width-large:50%;--awb-margin-top-large:0px;--awb-spacing-right-large:0px;--awb-margin-bottom-large:0px;--awb-spacing-left-large:0px;--awb-width-medium:50%;--awb-order-medium:0;--awb-spacing-right-medium:0px;--awb-spacing-left-medium:0px;--awb-width-small:100%;--awb-order-small:0;--awb-spacing-right-small:1.92%;--awb-spacing-left-small:1.92%;\" data-animationType=\"flipinx\" data-animationDuration=\"5.0\" data-animationOffset=\"top-into-view\" data-scroll-devices=\"small-visibility,medium-visibility,large-visibility\"><div class=\"fusion-column-wrapper lazyload fusion-column-has-shadow fusion-flex-justify-content-flex-start fusion-content-layout-column fusion-empty-column-bg-image fusion-column-has-bg-image\" data-bg-url=\"https:\/\/www.myledlight.bz.it\/wp-content\/uploads\/home-pannelli-fotovoltaici-bolzano-illuminazione-residenziale-merano-commerciale-hotel-bressanone-risparmio-energetico-energia-solare-my-led-light.jpg\" data-bg=\"https:\/\/www.myledlight.bz.it\/wp-content\/uploads\/home-pannelli-fotovoltaici-bolzano-illuminazione-residenziale-merano-commerciale-hotel-bressanone-risparmio-energetico-energia-solare-my-led-light.jpg\"><img decoding=\"async\" class=\"fusion-empty-dims-img-placeholder fusion-no-large-visibility fusion-no-medium-visibility\" aria-label=\"home-pannelli-fotovoltaici- bolzano-illuminazione-residenziale-merano-commerciale-hotel-bressanone-risparmio-energetico-energia-solare-my-led-light\" src=\"data:image\/svg+xml,%3Csvg%20xmlns%3D%27http%3A%2F%2Fwww.w3.org%2F2000%2Fsvg%27%20width%3D%271500%27%20height%3D%271500%27%20viewBox%3D%270%200%201500%201500%27%3E%3Crect%20width%3D%271500%27%20height%3D%271500%27%20fill-opacity%3D%220%22%2F%3E%3C%2Fsvg%3E\"><\/div><\/div><div class=\"fusion-layout-column fusion_builder_column fusion-builder-column-5 fusion_builder_column_1_2 1_2 fusion-flex-column fusion-animated\" style=\"--awb-padding-top:30px;--awb-padding-right:30px;--awb-padding-bottom:30px;--awb-padding-left:30px;--awb-bg-position:right bottom;--awb-bg-size:cover;--awb-width-large:50%;--awb-margin-top-large:0px;--awb-spacing-right-large:0px;--awb-margin-bottom-large:0px;--awb-spacing-left-large:0px;--awb-width-medium:50%;--awb-order-medium:0;--awb-spacing-right-medium:0px;--awb-spacing-left-medium:0px;--awb-width-small:100%;--awb-order-small:0;--awb-spacing-right-small:1.92%;--awb-spacing-left-small:1.92%;\" data-animationType=\"flipinx\" data-animationDuration=\"5.0\" data-animationOffset=\"top-into-view\" data-scroll-devices=\"small-visibility,medium-visibility,large-visibility\"><div class=\"fusion-column-wrapper lazyload fusion-column-has-shadow fusion-flex-justify-content-flex-start fusion-content-layout-column fusion-empty-column-bg-image fusion-column-has-bg-image\" data-bg-url=\"https:\/\/www.myledlight.bz.it\/wp-content\/uploads\/home-pannelli-fotovoltaici-bolzano-illuminazione-residenziale-merano-commerciale-hotel-bressanone-risparmio-energetico-energia-solare-my-led-light3.jpg\" data-bg=\"https:\/\/www.myledlight.bz.it\/wp-content\/uploads\/home-pannelli-fotovoltaici-bolzano-illuminazione-residenziale-merano-commerciale-hotel-bressanone-risparmio-energetico-energia-solare-my-led-light3.jpg\"><img decoding=\"async\" class=\"fusion-empty-dims-img-placeholder fusion-no-large-visibility fusion-no-medium-visibility\" aria-label=\"home-pannelli-fotovoltaici- bolzano-illuminazione-residenziale-merano-commerciale-hotel-bressanone-risparmio-energetico-energia-solare-my-led-light3\" src=\"data:image\/svg+xml,%3Csvg%20xmlns%3D%27http%3A%2F%2Fwww.w3.org%2F2000%2Fsvg%27%20width%3D%271500%27%20height%3D%271500%27%20viewBox%3D%270%200%201500%201500%27%3E%3Crect%20width%3D%271500%27%20height%3D%271500%27%20fill-opacity%3D%220%22%2F%3E%3C%2Fsvg%3E\"><\/div><\/div><div class=\"fusion-layout-column fusion_builder_column fusion-builder-column-6 fusion_builder_column_1_2 1_2 fusion-flex-column h-col-box fusion-animated\" style=\"--awb-padding-top:50px;--awb-padding-right:50px;--awb-padding-bottom:50px;--awb-padding-left:50px;--awb-bg-color:#0e2a52;--awb-bg-color-hover:#0e2a52;--awb-bg-size:cover;--awb-width-large:50%;--awb-margin-top-large:0px;--awb-spacing-right-large:0px;--awb-margin-bottom-large:0px;--awb-spacing-left-large:0px;--awb-width-medium:50%;--awb-order-medium:0;--awb-spacing-right-medium:0px;--awb-spacing-left-medium:0px;--awb-width-small:100%;--awb-order-small:0;--awb-spacing-right-small:1.92%;--awb-spacing-left-small:1.92%;\" data-animationType=\"flipiny\" data-animationDuration=\"5.0\" data-animationOffset=\"top-into-view\" data-scroll-devices=\"small-visibility,medium-visibility,large-visibility\"><div class=\"fusion-column-wrapper fusion-column-has-shadow fusion-flex-justify-content-center fusion-content-layout-column\"><div class=\"fusion-text fusion-text-5\" style=\"--awb-content-alignment:center;--awb-font-size:28px;--awb-text-transform:uppercase;--awb-text-color:var(--awb-color1);--awb-text-font-family:&quot;Comfortaa&quot;;--awb-text-font-style:normal;--awb-text-font-weight:400;\"><p>St\u00e4dtische Beleuchtung f\u00fcr sicherere und nachhaltigere St\u00e4dte.<\/p>\n<\/div><div class=\"fusion-separator\" style=\"align-self: center;margin-left: auto;margin-right: auto;margin-bottom:20px;width:100%;max-width:50%;\"><div class=\"fusion-separator-border sep-single sep-solid\" style=\"--awb-height:20px;--awb-amount:20px;--awb-sep-color:var(--awb-color1);border-color:var(--awb-color1);border-top-width:1px;\"><\/div><\/div><div class=\"fusion-text fusion-text-6\" style=\"--awb-content-alignment:center;--awb-font-size:18px;--awb-text-color:var(--awb-color1);--awb-text-font-family:&quot;Comfortaa&quot;;--awb-text-font-style:normal;--awb-text-font-weight:400;\"><p>Nach einer Skitour oder einem Ausflug in den Dolomiten g\u00f6nne dir den Genuss eines Kaffees, zubereitet aus hochwertigen Bohnen. Ein Moment purer Entspannung in Wolkenstein in Gr\u00f6den.<\/p>\n<\/div><\/div><\/div><div class=\"fusion-layout-column fusion_builder_column fusion-builder-column-7 fusion_builder_column_1_2 1_2 fusion-flex-column h-col-box fusion-animated\" style=\"--awb-padding-top:50px;--awb-padding-right:50px;--awb-padding-bottom:50px;--awb-padding-left:50px;--awb-bg-color:#ece3ac;--awb-bg-color-hover:#ece3ac;--awb-bg-size:cover;--awb-width-large:50%;--awb-margin-top-large:0px;--awb-spacing-right-large:0px;--awb-margin-bottom-large:0px;--awb-spacing-left-large:0px;--awb-width-medium:50%;--awb-order-medium:0;--awb-spacing-right-medium:0px;--awb-spacing-left-medium:0px;--awb-width-small:100%;--awb-order-small:0;--awb-spacing-right-small:1.92%;--awb-spacing-left-small:1.92%;\" data-animationType=\"flipiny\" data-animationDuration=\"5.0\" data-animationOffset=\"top-into-view\" data-scroll-devices=\"small-visibility,medium-visibility,large-visibility\"><div class=\"fusion-column-wrapper fusion-column-has-shadow fusion-flex-justify-content-center fusion-content-layout-column\"><div class=\"fusion-text fusion-text-7\" style=\"--awb-content-alignment:center;--awb-font-size:28px;--awb-text-transform:uppercase;--awb-text-color:var(--awb-custom_color_1);--awb-text-font-family:&quot;Comfortaa&quot;;--awb-text-font-style:normal;--awb-text-font-weight:400;\"><p>Vintage-Beleuchtung: Zeitloser Charme.<\/p>\n<\/div><div class=\"fusion-separator\" style=\"align-self: center;margin-left: auto;margin-right: auto;margin-bottom:20px;width:100%;max-width:50%;\"><div class=\"fusion-separator-border sep-single sep-solid\" style=\"--awb-height:20px;--awb-amount:20px;--awb-sep-color:var(--awb-custom_color_1);border-color:var(--awb-custom_color_1);border-top-width:1px;\"><\/div><\/div><div class=\"fusion-text fusion-text-8\" style=\"--awb-content-alignment:center;--awb-font-size:18px;--awb-text-color:var(--awb-custom_color_1);--awb-text-font-family:&quot;Comfortaa&quot;;--awb-text-font-style:normal;--awb-text-font-weight:400;\"><div class=\"flex max-w-full flex-col flex-grow\">\n<div class=\"min-h-8 text-message flex w-full flex-col items-end gap-2 whitespace-normal break-words &#091;.text-message+&amp;&#093;:mt-5\" dir=\"auto\" data-message-author-role=\"assistant\" data-message-id=\"344f1a74-a2a6-48d7-b7bc-06f91e930467\" data-message-model-slug=\"gpt-4o\">\n<div class=\"flex w-full flex-col gap-1 empty:hidden first:pt-&#091;3px&#093;\">\n<div class=\"markdown prose w-full break-words dark:prose-invert light\">\n<p>Schaffe warme und einladende Atmosph\u00e4ren mit Lampen im Retro-Stil, die klassische Eleganz mit moderner Technologie vereinen.<\/p>\n<\/div>\n<\/div>\n<\/div>\n<\/div>\n<\/div><\/div><\/div><div class=\"fusion-layout-column fusion_builder_column fusion-builder-column-8 fusion_builder_column_1_2 1_2 fusion-flex-column fusion-animated\" style=\"--awb-padding-top:30px;--awb-padding-right:30px;--awb-padding-bottom:30px;--awb-padding-left:30px;--awb-bg-position:right bottom;--awb-bg-size:cover;--awb-width-large:50%;--awb-margin-top-large:0px;--awb-spacing-right-large:0px;--awb-margin-bottom-large:0px;--awb-spacing-left-large:0px;--awb-width-medium:50%;--awb-order-medium:0;--awb-spacing-right-medium:0px;--awb-spacing-left-medium:0px;--awb-width-small:100%;--awb-order-small:0;--awb-spacing-right-small:1.92%;--awb-spacing-left-small:1.92%;\" data-animationType=\"flipinx\" data-animationDuration=\"5.0\" data-animationOffset=\"top-into-view\" data-scroll-devices=\"small-visibility,medium-visibility,large-visibility\"><div class=\"fusion-column-wrapper lazyload fusion-column-has-shadow fusion-flex-justify-content-flex-start fusion-content-layout-column fusion-empty-column-bg-image fusion-column-has-bg-image\" data-bg-url=\"https:\/\/www.myledlight.bz.it\/wp-content\/uploads\/home-pannelli-fotovoltaici-bolzano-illuminazione-residenziale-merano-commerciale-hotel-bressanone-risparmio-energetico-energia-solare-my-led-light4.jpg\" data-bg=\"https:\/\/www.myledlight.bz.it\/wp-content\/uploads\/home-pannelli-fotovoltaici-bolzano-illuminazione-residenziale-merano-commerciale-hotel-bressanone-risparmio-energetico-energia-solare-my-led-light4.jpg\"><img decoding=\"async\" class=\"fusion-empty-dims-img-placeholder fusion-no-large-visibility fusion-no-medium-visibility\" aria-label=\"home-pannelli-fotovoltaici- bolzano-illuminazione-residenziale-merano-commerciale-hotel-bressanone-risparmio-energetico-energia-solare-my-led-light4\" src=\"data:image\/svg+xml,%3Csvg%20xmlns%3D%27http%3A%2F%2Fwww.w3.org%2F2000%2Fsvg%27%20width%3D%271500%27%20height%3D%271500%27%20viewBox%3D%270%200%201500%201500%27%3E%3Crect%20width%3D%271500%27%20height%3D%271500%27%20fill-opacity%3D%220%22%2F%3E%3C%2Fsvg%3E\"><\/div><\/div><\/div><\/div><\/p>\n","protected":false},"excerpt":{"rendered":"","protected":false},"author":1,"featured_media":0,"parent":0,"menu_order":0,"comment_status":"closed","ping_status":"closed","template":"100-width.php","meta":{"footnotes":""},"class_list":["post-292","page","type-page","status-publish","hentry"],"yoast_head":"<!-- This site is optimized with the Yoast SEO plugin v27.0 - https:\/\/yoast.com\/product\/yoast-seo-wordpress\/ -->\n<title>Home - myLEDlight<\/title>\n<meta name=\"robots\" content=\"index, follow, max-snippet:-1, max-image-preview:large, max-video-preview:-1\" \/>\n<link rel=\"canonical\" href=\"https:\/\/www.myledlight.bz.it\/de\" \/>\n<meta property=\"og:locale\" content=\"de_DE\" \/>\n<meta property=\"og:type\" content=\"article\" \/>\n<meta property=\"og:title\" content=\"Home - myLEDlight\" \/>\n<meta property=\"og:url\" content=\"https:\/\/www.myledlight.bz.it\/de\" \/>\n<meta property=\"og:site_name\" content=\"myLEDlight\" \/>\n<meta property=\"article:modified_time\" content=\"2024-12-01T20:18:34+00:00\" \/>\n<meta name=\"twitter:card\" content=\"summary_large_image\" \/>\n<meta name=\"twitter:label1\" content=\"Gesch\u00e4tzte Lesezeit\" \/>\n\t<meta name=\"twitter:data1\" content=\"30\u00a0Minuten\" \/>\n<script type=\"application\/ld+json\" class=\"yoast-schema-graph\">{\"@context\":\"https:\/\/schema.org\",\"@graph\":[{\"@type\":\"WebPage\",\"@id\":\"https:\/\/www.myledlight.bz.it\/de\",\"url\":\"https:\/\/www.myledlight.bz.it\/de\",\"name\":\"Home - myLEDlight\",\"isPartOf\":{\"@id\":\"https:\/\/www.myledlight.bz.it\/de\/#website\"},\"datePublished\":\"2024-06-15T07:01:03+00:00\",\"dateModified\":\"2024-12-01T20:18:34+00:00\",\"breadcrumb\":{\"@id\":\"https:\/\/www.myledlight.bz.it\/de#breadcrumb\"},\"inLanguage\":\"de\",\"potentialAction\":[{\"@type\":\"ReadAction\",\"target\":[\"https:\/\/www.myledlight.bz.it\/de\"]}]},{\"@type\":\"BreadcrumbList\",\"@id\":\"https:\/\/www.myledlight.bz.it\/de#breadcrumb\",\"itemListElement\":[{\"@type\":\"ListItem\",\"position\":1,\"name\":\"Home\",\"item\":\"https:\/\/www.myledlight.bz.it\/de\/home\"},{\"@type\":\"ListItem\",\"position\":2,\"name\":\"Home\"}]},{\"@type\":\"WebSite\",\"@id\":\"https:\/\/www.myledlight.bz.it\/de\/#website\",\"url\":\"https:\/\/www.myledlight.bz.it\/de\/\",\"name\":\"myLEDlight\",\"description\":\"\",\"publisher\":{\"@id\":\"https:\/\/www.myledlight.bz.it\/de\/#organization\"},\"potentialAction\":[{\"@type\":\"SearchAction\",\"target\":{\"@type\":\"EntryPoint\",\"urlTemplate\":\"https:\/\/www.myledlight.bz.it\/de\/?s={search_term_string}\"},\"query-input\":{\"@type\":\"PropertyValueSpecification\",\"valueRequired\":true,\"valueName\":\"search_term_string\"}}],\"inLanguage\":\"de\"},{\"@type\":\"Organization\",\"@id\":\"https:\/\/www.myledlight.bz.it\/de\/#organization\",\"name\":\"myLEDlight\",\"url\":\"https:\/\/www.myledlight.bz.it\/de\/\",\"logo\":{\"@type\":\"ImageObject\",\"inLanguage\":\"de\",\"@id\":\"https:\/\/www.myledlight.bz.it\/de\/#\/schema\/logo\/image\/\",\"url\":\"https:\/\/www.myledlight.bz.it\/wp-content\/uploads\/logo-normal-pannelli-fotovoltaici-bolzano-illuminazione-residenziale-merano-commerciale-hotel-bressanone-risparmio-energetico-energia-solare-my-led-light-1.png\",\"contentUrl\":\"https:\/\/www.myledlight.bz.it\/wp-content\/uploads\/logo-normal-pannelli-fotovoltaici-bolzano-illuminazione-residenziale-merano-commerciale-hotel-bressanone-risparmio-energetico-energia-solare-my-led-light-1.png\",\"width\":221,\"height\":66,\"caption\":\"myLEDlight\"},\"image\":{\"@id\":\"https:\/\/www.myledlight.bz.it\/de\/#\/schema\/logo\/image\/\"}}]}<\/script>\n<!-- \/ Yoast SEO plugin. -->","yoast_head_json":{"title":"Home - myLEDlight","robots":{"index":"index","follow":"follow","max-snippet":"max-snippet:-1","max-image-preview":"max-image-preview:large","max-video-preview":"max-video-preview:-1"},"canonical":"https:\/\/www.myledlight.bz.it\/de","og_locale":"de_DE","og_type":"article","og_title":"Home - myLEDlight","og_url":"https:\/\/www.myledlight.bz.it\/de","og_site_name":"myLEDlight","article_modified_time":"2024-12-01T20:18:34+00:00","twitter_card":"summary_large_image","twitter_misc":{"Gesch\u00e4tzte Lesezeit":"30\u00a0Minuten"},"schema":{"@context":"https:\/\/schema.org","@graph":[{"@type":"WebPage","@id":"https:\/\/www.myledlight.bz.it\/de","url":"https:\/\/www.myledlight.bz.it\/de","name":"Home - myLEDlight","isPartOf":{"@id":"https:\/\/www.myledlight.bz.it\/de\/#website"},"datePublished":"2024-06-15T07:01:03+00:00","dateModified":"2024-12-01T20:18:34+00:00","breadcrumb":{"@id":"https:\/\/www.myledlight.bz.it\/de#breadcrumb"},"inLanguage":"de","potentialAction":[{"@type":"ReadAction","target":["https:\/\/www.myledlight.bz.it\/de"]}]},{"@type":"BreadcrumbList","@id":"https:\/\/www.myledlight.bz.it\/de#breadcrumb","itemListElement":[{"@type":"ListItem","position":1,"name":"Home","item":"https:\/\/www.myledlight.bz.it\/de\/home"},{"@type":"ListItem","position":2,"name":"Home"}]},{"@type":"WebSite","@id":"https:\/\/www.myledlight.bz.it\/de\/#website","url":"https:\/\/www.myledlight.bz.it\/de\/","name":"myLEDlight","description":"","publisher":{"@id":"https:\/\/www.myledlight.bz.it\/de\/#organization"},"potentialAction":[{"@type":"SearchAction","target":{"@type":"EntryPoint","urlTemplate":"https:\/\/www.myledlight.bz.it\/de\/?s={search_term_string}"},"query-input":{"@type":"PropertyValueSpecification","valueRequired":true,"valueName":"search_term_string"}}],"inLanguage":"de"},{"@type":"Organization","@id":"https:\/\/www.myledlight.bz.it\/de\/#organization","name":"myLEDlight","url":"https:\/\/www.myledlight.bz.it\/de\/","logo":{"@type":"ImageObject","inLanguage":"de","@id":"https:\/\/www.myledlight.bz.it\/de\/#\/schema\/logo\/image\/","url":"https:\/\/www.myledlight.bz.it\/wp-content\/uploads\/logo-normal-pannelli-fotovoltaici-bolzano-illuminazione-residenziale-merano-commerciale-hotel-bressanone-risparmio-energetico-energia-solare-my-led-light-1.png","contentUrl":"https:\/\/www.myledlight.bz.it\/wp-content\/uploads\/logo-normal-pannelli-fotovoltaici-bolzano-illuminazione-residenziale-merano-commerciale-hotel-bressanone-risparmio-energetico-energia-solare-my-led-light-1.png","width":221,"height":66,"caption":"myLEDlight"},"image":{"@id":"https:\/\/www.myledlight.bz.it\/de\/#\/schema\/logo\/image\/"}}]}},"_links":{"self":[{"href":"https:\/\/www.myledlight.bz.it\/de\/wp-json\/wp\/v2\/pages\/292","targetHints":{"allow":["GET"]}}],"collection":[{"href":"https:\/\/www.myledlight.bz.it\/de\/wp-json\/wp\/v2\/pages"}],"about":[{"href":"https:\/\/www.myledlight.bz.it\/de\/wp-json\/wp\/v2\/types\/page"}],"author":[{"embeddable":true,"href":"https:\/\/www.myledlight.bz.it\/de\/wp-json\/wp\/v2\/users\/1"}],"replies":[{"embeddable":true,"href":"https:\/\/www.myledlight.bz.it\/de\/wp-json\/wp\/v2\/comments?post=292"}],"version-history":[{"count":1,"href":"https:\/\/www.myledlight.bz.it\/de\/wp-json\/wp\/v2\/pages\/292\/revisions"}],"predecessor-version":[{"id":293,"href":"https:\/\/www.myledlight.bz.it\/de\/wp-json\/wp\/v2\/pages\/292\/revisions\/293"}],"wp:attachment":[{"href":"https:\/\/www.myledlight.bz.it\/de\/wp-json\/wp\/v2\/media?parent=292"}],"curies":[{"name":"wp","href":"https:\/\/api.w.org\/{rel}","templated":true}]}}